{"id":13,"date":"2023-06-28T13:40:24","date_gmt":"2023-06-28T13:40:24","guid":{"rendered":"https:\/\/thats-it-girl.de\/?page_id=13"},"modified":"2023-07-05T13:22:57","modified_gmt":"2023-07-05T13:22:57","slug":"impressum","status":"publish","type":"page","link":"https:\/\/thats-it-girl.de\/index.php\/impressum\/","title":{"rendered":"Impressum"},"content":{"rendered":"\t\t<div data-elementor-type=\"wp-page\" data-elementor-id=\"13\" class=\"elementor elementor-13\" data-elementor-post-type=\"page\">\n\t\t\t\t\t\t\t\t\t<section class=\"elementor-section elementor-top-section elementor-element elementor-element-f94116d elementor-section-boxed elementor-section-height-default elementor-section-height-default\" data-id=\"f94116d\" data-element_type=\"section\" data-settings=\"{&quot;background_background&quot;:&quot;classic&quot;}\">\n\t\t\t\t\t\t<div class=\"elementor-container elementor-column-gap-default\">\n\t\t\t\t\t<div class=\"elementor-column elementor-col-100 elementor-top-column elementor-element elementor-element-08cd143\" data-id=\"08cd143\" data-element_type=\"column\">\n\t\t\t<div class=\"elementor-widget-wrap elementor-element-populated\">\n\t\t\t\t\t\t\t\t<div class=\"elementor-element elementor-element-bb0a14a elementor-align-center elementor-mobile-align-center elementor-widget elementor-widget-button\" data-id=\"bb0a14a\" data-element_type=\"widget\" data-widget_type=\"button.default\">\n\t\t\t\t<div class=\"elementor-widget-container\">\n\t\t\t\t\t<div class=\"elementor-button-wrapper\">\n\t\t\t<a class=\"elementor-button elementor-button-link elementor-size-sm\" href=\"https:\/\/thats-it-girl.de\">\n\t\t\t\t\t\t<span class=\"elementor-button-content-wrapper\">\n\t\t\t\t\t\t<span class=\"elementor-button-text\">zur\u00fcck zur Startseite<\/span>\n\t\t<\/span>\n\t\t\t\t\t<\/a>\n\t\t<\/div>\n\t\t\t\t<\/div>\n\t\t\t\t<\/div>\n\t\t\t\t<div class=\"elementor-element elementor-element-30ee39e elementor-widget elementor-widget-text-editor\" data-id=\"30ee39e\" data-element_type=\"widget\" data-widget_type=\"text-editor.default\">\n\t\t\t\t<div class=\"elementor-widget-container\">\n\t\t\t<style>\/*! elementor - v3.14.0 - 26-06-2023 *\/\n.elementor-widget-text-editor.elementor-drop-cap-view-stacked .elementor-drop-cap{background-color:#69727d;color:#fff}.elementor-widget-text-editor.elementor-drop-cap-view-framed .elementor-drop-cap{color:#69727d;border:3px solid;background-color:transparent}.elementor-widget-text-editor:not(.elementor-drop-cap-view-default) .elementor-drop-cap{margin-top:8px}.elementor-widget-text-editor:not(.elementor-drop-cap-view-default) .elementor-drop-cap-letter{width:1em;height:1em}.elementor-widget-text-editor .elementor-drop-cap{float:left;text-align:center;line-height:1;font-size:50px}.elementor-widget-text-editor .elementor-drop-cap-letter{display:inline-block}<\/style>\t\t\t\t<p><strong>Impressum<\/strong><\/p><p>Verantwortlich f\u00fcr den Inhalt dieser Website nach \u00a76 TKG ist:<\/p><p>Systemhaus Erdmann GmbH &amp; Co. KG<\/p><p>Heiligenstock 34c<\/p><p>42697 Solingen<\/p><p>Tel: 0212.65 98 5-0<br \/>Fax: 0212.65 98 5-20<br \/>E-Mail: info@systemhaus-erdmann.de<\/p><p>Gesch\u00e4ftsf\u00fchrer: Tobias Erdmann <br \/>Gesch\u00e4ftsf\u00fchrende Gesellschaft: Systemhaus Erdmann Verwaltungs GmbH <br \/>Registergericht: Amtsgericht Wuppertal<\/p><p>Registernr.: HRB 21255<\/p><p>Steuernr.: 128 5879 1142<\/p><p>USt.-ID: DE 261054205<br \/>Haftungsausschluss<br \/>1. Inhalt des Onlineangebotes<\/p><p>Der Autor \u00fcbernimmt keinerlei Gew\u00e4hr f\u00fcr die Aktualit\u00e4t, Korrektheit, Vollst\u00e4ndigkeit oder Qualit\u00e4t der bereitgestellten Informationen. Haftungsanspr\u00fcche gegen den Autor, welche sich auf Sch\u00e4den materieller oder ideeller Art beziehen, die durch die Nutzung oder Nichtnutzung der dargebotenen Informationen bzw. durch die Nutzung fehlerhafter und unvollst\u00e4ndiger Informationen verursacht wurden, sind grunds\u00e4tzlich ausgeschlossen, sofern seitens des Autors kein nachweislich vors\u00e4tzliches oder grob fahrl\u00e4ssiges Verschulden vorliegt. Alle Angebote sind freibleibend und unverbindlich. Der Autor beh\u00e4lt es sich ausdr\u00fccklich vor, Teile der Seiten oder das gesamte Angebot ohne gesonderte Ank\u00fcndigung zu ver\u00e4ndern, zu erg\u00e4nzen, zu l\u00f6schen oder die Ver\u00f6ffentlichung zeitweise oder endg\u00fcltig einzustellen.<br \/>2. Verweise und Links<\/p><p>Bei direkten oder indirekten Verweisen auf fremde Internetseiten (&#8220;Links&#8221;), die au\u00dferhalb des Verantwortungsbereiches des Autors liegen, w\u00fcrde eine Haftungsverpflichtung ausschlie\u00dflich in dem Fall in Kraft treten, in dem der Autor von den Inhalten Kenntnis hat und es ihm technisch m\u00f6glich und zumutbar w\u00e4re, die Nutzung im Falle rechtswidriger Inhalte zu verhindern. Der Autor erkl\u00e4rt hiermit ausdr\u00fccklich, dass zum Zeitpunkt der Linksetzung keine illegalen Inhalte auf den zu verlinkenden Seiten erkennbar waren. Auf die aktuelle und zuk\u00fcnftige Gestaltung, die Inhalte oder die Urheberschaft der gelinkten\/verkn\u00fcpften Seiten hat der Autor keinerlei Einfluss. Deshalb distanziert er sich hiermit ausdr\u00fccklich von allen Inhalten aller gelinkten \/verkn\u00fcpften Seiten, die nach der Linksetzung ver\u00e4ndert wurden. Diese Feststellung gilt f\u00fcr alle innerhalb des eigenen Internetangebotes gesetzten Links und Verweise sowie f\u00fcr Fremdeintr\u00e4ge in vom Autor eingerichteten G\u00e4steb\u00fcchern, Diskussionsforen und Mailinglisten. F\u00fcr illegale, fehlerhafte oder unvollst\u00e4ndige Inhalte und insbesondere f\u00fcr Sch\u00e4den, die aus der Nutzung oder Nichtnutzung solcherart dargebotener Informationen entstehen, haftet allein der Anbieter der Seite, auf welche verwiesen wurde, nicht derjenige, der \u00fcber Links auf die jeweilige Ver\u00f6ffentlichung lediglich verweist.<br \/>3. Urheber- und Kennzeichenrecht<\/p><p>Der Autor ist bestrebt, in allen Publikationen die Urheberrechte der verwendeten Grafiken, Tondokumente, Videosequenzen und Texte zu beachten, von ihm selbst erstellte Grafiken, Tondokumente, Videosequenzen und Texte zu nutzen oder auf lizenzfreie Grafiken, Tondokumente, Videosequenzen und Texte zur\u00fcckzugreifen. Alle innerhalb des Internetangebotes genannten und ggf. durch Dritte gesch\u00fctzten Marken- und Warenzeichen unterliegen uneingeschr\u00e4nkt den Bestimmungen des jeweils g\u00fcltigen Kennzeichenrechts und den Besitzrechten der jeweiligen eingetragenen Eigent\u00fcmer. Allein aufgrund der blo\u00dfen Nennung ist nicht der Schluss zu ziehen, dass Markenzeichen nicht durch Rechte Dritter gesch\u00fctzt sind! Das Copyright f\u00fcr ver\u00f6ffentlichte, vom Autor selbst erstellte Objekte bleibt allein beim Autor der Seiten. Eine Vervielf\u00e4ltigung oder Verwendung solcher Grafiken, Tondokumente, Videosequenzen und Texte in anderen elektronischen oder gedruckten Publikationen ist ohne ausdr\u00fcckliche Zustimmung des Autors nicht gestattet.<br \/>4. Datenschutz<\/p><p>Sofern innerhalb des Internetangebotes die M\u00f6glichkeit zur Eingabe pers\u00f6nlicher oder gesch\u00e4ftlicher Daten (Emailadressen, Namen, Anschriften) besteht, so erfolgt die Preisgabe dieser Daten seitens des Nutzers auf ausdr\u00fccklich freiwilliger Basis. Die Inanspruchnahme und Bezahlung aller angebotenen Dienste ist &#8211; soweit technisch m\u00f6glich und zumutbar &#8211; auch ohne Angabe solcher Daten bzw. unter Angabe anonymisierter Daten oder eines Pseudonyms gestattet.<br \/>5. Rechtswirksamkeit dieses Haftungsausschlusses<\/p><p>Dieser Haftungsausschluss ist als Teil des Internetangebotes zu betrachten, von dem aus auf diese Seite verwiesen wurde. Sofern Teile oder einzelne Formulierungen dieses Textes der geltenden Rechtslage nicht, nicht mehr oder nicht vollst\u00e4ndig entsprechen sollten, bleiben die \u00fcbrigen Teile des Dokumentes in ihrem Inhalt und ihrer G\u00fcltigkeit davon unber\u00fchrt.<\/p>\t\t\t\t\t\t<\/div>\n\t\t\t\t<\/div>\n\t\t\t\t\t<\/div>\n\t\t<\/div>\n\t\t\t\t\t\t\t<\/div>\n\t\t<\/section>\n\t\t\t\t<section class=\"elementor-section elementor-top-section elementor-element elementor-element-85ddb39 elementor-section-full_width elementor-section-content-middle elementor-section-height-default elementor-section-height-default\" data-id=\"85ddb39\" data-element_type=\"section\" data-settings=\"{&quot;background_background&quot;:&quot;classic&quot;}\">\n\t\t\t\t\t\t<div class=\"elementor-container elementor-column-gap-default\">\n\t\t\t\t\t<div class=\"elementor-column elementor-col-25 elementor-top-column elementor-element elementor-element-775a963\" data-id=\"775a963\" data-element_type=\"column\">\n\t\t\t<div class=\"elementor-widget-wrap elementor-element-populated\">\n\t\t\t\t\t\t\t\t<div class=\"elementor-element elementor-element-a6d4a6a elementor-widget elementor-widget-text-editor\" data-id=\"a6d4a6a\" data-element_type=\"widget\" data-widget_type=\"text-editor.default\">\n\t\t\t\t<div class=\"elementor-widget-container\">\n\t\t\t\t\t\t\t<p>\u00a9 2023 SYSTEMHAUS ERDMANN<\/p>\t\t\t\t\t\t<\/div>\n\t\t\t\t<\/div>\n\t\t\t\t\t<\/div>\n\t\t<\/div>\n\t\t\t\t<div class=\"elementor-column elementor-col-25 elementor-top-column elementor-element elementor-element-b46eeac\" data-id=\"b46eeac\" data-element_type=\"column\">\n\t\t\t<div class=\"elementor-widget-wrap elementor-element-populated\">\n\t\t\t\t\t\t\t\t<div class=\"elementor-element elementor-element-2e52147 elementor-widget elementor-widget-text-editor\" data-id=\"2e52147\" data-element_type=\"widget\" data-widget_type=\"text-editor.default\">\n\t\t\t\t<div class=\"elementor-widget-container\">\n\t\t\t\t\t\t\t<p><span style=\"color: #ffffff;\">Datenschutz<\/span> | <span style=\"color: #ffffff;\">Impressum<\/span><\/p>\t\t\t\t\t\t<\/div>\n\t\t\t\t<\/div>\n\t\t\t\t\t<\/div>\n\t\t<\/div>\n\t\t\t\t<div class=\"elementor-column elementor-col-25 elementor-top-column elementor-element elementor-element-1c7b7b0\" data-id=\"1c7b7b0\" data-element_type=\"column\">\n\t\t\t<div class=\"elementor-widget-wrap elementor-element-populated\">\n\t\t\t\t\t\t\t\t<div class=\"elementor-element elementor-element-8e29197 elementor-view-default elementor-widget elementor-widget-icon\" data-id=\"8e29197\" data-element_type=\"widget\" data-widget_type=\"icon.default\">\n\t\t\t\t<div class=\"elementor-widget-container\">\n\t\t\t\t\t<div class=\"elementor-icon-wrapper\">\n\t\t\t<div class=\"elementor-icon\">\n\t\t\t<i aria-hidden=\"true\" class=\"fas fa-phone\"><\/i>\t\t\t<\/div>\n\t\t<\/div>\n\t\t\t\t<\/div>\n\t\t\t\t<\/div>\n\t\t\t\t<div class=\"elementor-element elementor-element-a218306 elementor-view-default elementor-widget elementor-widget-icon\" data-id=\"a218306\" data-element_type=\"widget\" data-widget_type=\"icon.default\">\n\t\t\t\t<div class=\"elementor-widget-container\">\n\t\t\t\t\t<div class=\"elementor-icon-wrapper\">\n\t\t\t<div class=\"elementor-icon\">\n\t\t\t<i aria-hidden=\"true\" class=\"fas fa-envelope\"><\/i>\t\t\t<\/div>\n\t\t<\/div>\n\t\t\t\t<\/div>\n\t\t\t\t<\/div>\n\t\t\t\t\t<\/div>\n\t\t<\/div>\n\t\t\t\t<div class=\"elementor-column elementor-col-25 elementor-top-column elementor-element elementor-element-afef870\" data-id=\"afef870\" data-element_type=\"column\">\n\t\t\t<div class=\"elementor-widget-wrap elementor-element-populated\">\n\t\t\t\t\t\t\t\t<div class=\"elementor-element elementor-element-df9c8fa elementor-widget elementor-widget-text-editor\" data-id=\"df9c8fa\" data-element_type=\"widget\" data-widget_type=\"text-editor.default\">\n\t\t\t\t<div class=\"elementor-widget-container\">\n\t\t\t\t\t\t\t<p>0212.65 98 5-0<\/p>\t\t\t\t\t\t<\/div>\n\t\t\t\t<\/div>\n\t\t\t\t<div class=\"elementor-element elementor-element-604d4c2 elementor-widget elementor-widget-text-editor\" data-id=\"604d4c2\" data-element_type=\"widget\" data-widget_type=\"text-editor.default\">\n\t\t\t\t<div class=\"elementor-widget-container\">\n\t\t\t\t\t\t\t<p><span class=\"ui-provider xi b c d e f g h i j k l m n o p q r s t u v w x y z ab ac ae af ag ah ai aj ak\" dir=\"ltr\">hello@thats-it-girl.de<\/span><\/p>\t\t\t\t\t\t<\/div>\n\t\t\t\t<\/div>\n\t\t\t\t\t<\/div>\n\t\t<\/div>\n\t\t\t\t\t\t\t<\/div>\n\t\t<\/section>\n\t\t\t\t\t\t\t<\/div>\n\t\t","protected":false},"excerpt":{"rendered":"<p>zur\u00fcck zur Startseite Impressum Verantwortlich f\u00fcr den Inhalt dieser Website nach \u00a76 TKG ist: Systemhaus Erdmann GmbH &amp; Co. KG Heiligenstock 34c 42697 Solingen Tel: 0212.65 98 5-0Fax: 0212.65 98 5-20E-Mail: info@systemhaus-erdmann.de Gesch\u00e4ftsf\u00fchrer: Tobias Erdmann Gesch\u00e4ftsf\u00fchrende Gesellschaft: Systemhaus Erdmann Verwaltungs GmbH Registergericht: Amtsgericht Wuppertal Registernr.: HRB 21255 Steuernr.: 128 5879 1142 USt.-ID: DE 261054205Haftungsausschluss1. Inhalt [&hellip;]<\/p>\n","protected":false},"author":1,"featured_media":0,"parent":0,"menu_order":0,"comment_status":"closed","ping_status":"closed","template":"elementor_canvas","meta":{"footnotes":""},"class_list":["post-13","page","type-page","status-publish","hentry","entry"],"yoast_head":"<!-- This site is optimized with the Yoast SEO plugin v20.10 - https:\/\/yoast.com\/wordpress\/plugins\/seo\/ -->\n<title>Impressum - That\u00b4s IT Girl<\/title>\n<meta name=\"robots\" content=\"index, follow, max-snippet:-1, max-image-preview:large, max-video-preview:-1\" \/>\n<link rel=\"canonical\" href=\"https:\/\/thats-it-girl.de\/index.php\/impressum\/\" \/>\n<meta property=\"og:locale\" content=\"de_DE\" \/>\n<meta property=\"og:type\" content=\"article\" \/>\n<meta property=\"og:title\" content=\"Impressum - That\u00b4s IT Girl\" \/>\n<meta property=\"og:description\" content=\"zur\u00fcck zur Startseite Impressum Verantwortlich f\u00fcr den Inhalt dieser Website nach \u00a76 TKG ist: Systemhaus Erdmann GmbH &amp; Co. KG Heiligenstock 34c 42697 Solingen Tel: 0212.65 98 5-0Fax: 0212.65 98 5-20E-Mail: info@systemhaus-erdmann.de Gesch\u00e4ftsf\u00fchrer: Tobias Erdmann Gesch\u00e4ftsf\u00fchrende Gesellschaft: Systemhaus Erdmann Verwaltungs GmbH Registergericht: Amtsgericht Wuppertal Registernr.: HRB 21255 Steuernr.: 128 5879 1142 USt.-ID: DE 261054205Haftungsausschluss1. Inhalt [&hellip;]\" \/>\n<meta property=\"og:url\" content=\"https:\/\/thats-it-girl.de\/index.php\/impressum\/\" \/>\n<meta property=\"og:site_name\" content=\"That\u00b4s IT Girl\" \/>\n<meta property=\"article:modified_time\" content=\"2023-07-05T13:22:57+00:00\" \/>\n<meta name=\"twitter:card\" content=\"summary_large_image\" \/>\n<meta name=\"twitter:label1\" content=\"Gesch\u00e4tzte Lesezeit\" \/>\n\t<meta name=\"twitter:data1\" content=\"4\u00a0Minuten\" \/>\n<script type=\"application\/ld+json\" class=\"yoast-schema-graph\">{\"@context\":\"https:\/\/schema.org\",\"@graph\":[{\"@type\":\"WebPage\",\"@id\":\"https:\/\/thats-it-girl.de\/index.php\/impressum\/\",\"url\":\"https:\/\/thats-it-girl.de\/index.php\/impressum\/\",\"name\":\"Impressum - That\u00b4s IT Girl\",\"isPartOf\":{\"@id\":\"https:\/\/thats-it-girl.de\/#website\"},\"datePublished\":\"2023-06-28T13:40:24+00:00\",\"dateModified\":\"2023-07-05T13:22:57+00:00\",\"breadcrumb\":{\"@id\":\"https:\/\/thats-it-girl.de\/index.php\/impressum\/#breadcrumb\"},\"inLanguage\":\"de\",\"potentialAction\":[{\"@type\":\"ReadAction\",\"target\":[\"https:\/\/thats-it-girl.de\/index.php\/impressum\/\"]}]},{\"@type\":\"BreadcrumbList\",\"@id\":\"https:\/\/thats-it-girl.de\/index.php\/impressum\/#breadcrumb\",\"itemListElement\":[{\"@type\":\"ListItem\",\"position\":1,\"name\":\"Startseite\",\"item\":\"https:\/\/thats-it-girl.de\/\"},{\"@type\":\"ListItem\",\"position\":2,\"name\":\"Impressum\"}]},{\"@type\":\"WebSite\",\"@id\":\"https:\/\/thats-it-girl.de\/#website\",\"url\":\"https:\/\/thats-it-girl.de\/\",\"name\":\"That\u00b4s IT Girl\",\"description\":\"\",\"publisher\":{\"@id\":\"https:\/\/thats-it-girl.de\/#organization\"},\"potentialAction\":[{\"@type\":\"SearchAction\",\"target\":{\"@type\":\"EntryPoint\",\"urlTemplate\":\"https:\/\/thats-it-girl.de\/?s={search_term_string}\"},\"query-input\":\"required name=search_term_string\"}],\"inLanguage\":\"de\"},{\"@type\":\"Organization\",\"@id\":\"https:\/\/thats-it-girl.de\/#organization\",\"name\":\"That\u00b4s IT Girl\",\"url\":\"https:\/\/thats-it-girl.de\/\",\"logo\":{\"@type\":\"ImageObject\",\"inLanguage\":\"de\",\"@id\":\"https:\/\/thats-it-girl.de\/#\/schema\/logo\/image\/\",\"url\":\"https:\/\/thats-it-girl.de\/wp-content\/uploads\/2023\/07\/Gruppe-6.png\",\"contentUrl\":\"https:\/\/thats-it-girl.de\/wp-content\/uploads\/2023\/07\/Gruppe-6.png\",\"width\":1050,\"height\":1047,\"caption\":\"That\u00b4s IT Girl\"},\"image\":{\"@id\":\"https:\/\/thats-it-girl.de\/#\/schema\/logo\/image\/\"}}]}<\/script>\n<!-- \/ Yoast SEO plugin. -->","yoast_head_json":{"title":"Impressum - That\u00b4s IT Girl","robots":{"index":"index","follow":"follow","max-snippet":"max-snippet:-1","max-image-preview":"max-image-preview:large","max-video-preview":"max-video-preview:-1"},"canonical":"https:\/\/thats-it-girl.de\/index.php\/impressum\/","og_locale":"de_DE","og_type":"article","og_title":"Impressum - That\u00b4s IT Girl","og_description":"zur\u00fcck zur Startseite Impressum Verantwortlich f\u00fcr den Inhalt dieser Website nach \u00a76 TKG ist: Systemhaus Erdmann GmbH &amp; Co. KG Heiligenstock 34c 42697 Solingen Tel: 0212.65 98 5-0Fax: 0212.65 98 5-20E-Mail: info@systemhaus-erdmann.de Gesch\u00e4ftsf\u00fchrer: Tobias Erdmann Gesch\u00e4ftsf\u00fchrende Gesellschaft: Systemhaus Erdmann Verwaltungs GmbH Registergericht: Amtsgericht Wuppertal Registernr.: HRB 21255 Steuernr.: 128 5879 1142 USt.-ID: DE 261054205Haftungsausschluss1. Inhalt [&hellip;]","og_url":"https:\/\/thats-it-girl.de\/index.php\/impressum\/","og_site_name":"That\u00b4s IT Girl","article_modified_time":"2023-07-05T13:22:57+00:00","twitter_card":"summary_large_image","twitter_misc":{"Gesch\u00e4tzte Lesezeit":"4\u00a0Minuten"},"schema":{"@context":"https:\/\/schema.org","@graph":[{"@type":"WebPage","@id":"https:\/\/thats-it-girl.de\/index.php\/impressum\/","url":"https:\/\/thats-it-girl.de\/index.php\/impressum\/","name":"Impressum - That\u00b4s IT Girl","isPartOf":{"@id":"https:\/\/thats-it-girl.de\/#website"},"datePublished":"2023-06-28T13:40:24+00:00","dateModified":"2023-07-05T13:22:57+00:00","breadcrumb":{"@id":"https:\/\/thats-it-girl.de\/index.php\/impressum\/#breadcrumb"},"inLanguage":"de","potentialAction":[{"@type":"ReadAction","target":["https:\/\/thats-it-girl.de\/index.php\/impressum\/"]}]},{"@type":"BreadcrumbList","@id":"https:\/\/thats-it-girl.de\/index.php\/impressum\/#breadcrumb","itemListElement":[{"@type":"ListItem","position":1,"name":"Startseite","item":"https:\/\/thats-it-girl.de\/"},{"@type":"ListItem","position":2,"name":"Impressum"}]},{"@type":"WebSite","@id":"https:\/\/thats-it-girl.de\/#website","url":"https:\/\/thats-it-girl.de\/","name":"That\u00b4s IT Girl","description":"","publisher":{"@id":"https:\/\/thats-it-girl.de\/#organization"},"potentialAction":[{"@type":"SearchAction","target":{"@type":"EntryPoint","urlTemplate":"https:\/\/thats-it-girl.de\/?s={search_term_string}"},"query-input":"required name=search_term_string"}],"inLanguage":"de"},{"@type":"Organization","@id":"https:\/\/thats-it-girl.de\/#organization","name":"That\u00b4s IT Girl","url":"https:\/\/thats-it-girl.de\/","logo":{"@type":"ImageObject","inLanguage":"de","@id":"https:\/\/thats-it-girl.de\/#\/schema\/logo\/image\/","url":"https:\/\/thats-it-girl.de\/wp-content\/uploads\/2023\/07\/Gruppe-6.png","contentUrl":"https:\/\/thats-it-girl.de\/wp-content\/uploads\/2023\/07\/Gruppe-6.png","width":1050,"height":1047,"caption":"That\u00b4s IT Girl"},"image":{"@id":"https:\/\/thats-it-girl.de\/#\/schema\/logo\/image\/"}}]}},"_links":{"self":[{"href":"https:\/\/thats-it-girl.de\/index.php\/wp-json\/wp\/v2\/pages\/13","targetHints":{"allow":["GET"]}}],"collection":[{"href":"https:\/\/thats-it-girl.de\/index.php\/wp-json\/wp\/v2\/pages"}],"about":[{"href":"https:\/\/thats-it-girl.de\/index.php\/wp-json\/wp\/v2\/types\/page"}],"author":[{"embeddable":true,"href":"https:\/\/thats-it-girl.de\/index.php\/wp-json\/wp\/v2\/users\/1"}],"replies":[{"embeddable":true,"href":"https:\/\/thats-it-girl.de\/index.php\/wp-json\/wp\/v2\/comments?post=13"}],"version-history":[{"count":0,"href":"https:\/\/thats-it-girl.de\/index.php\/wp-json\/wp\/v2\/pages\/13\/revisions"}],"wp:attachment":[{"href":"https:\/\/thats-it-girl.de\/index.php\/wp-json\/wp\/v2\/media?parent=13"}],"curies":[{"name":"wp","href":"https:\/\/api.w.org\/{rel}","templated":true}]}}